{"id":174,"date":"2013-04-18T19:24:44","date_gmt":"2013-04-18T17:24:44","guid":{"rendered":"http:\/\/jovien.net\/wordpress\/?page_id=174"},"modified":"2013-04-18T19:26:29","modified_gmt":"2013-04-18T17:26:29","slug":"contact","status":"publish","type":"page","link":"https:\/\/jovien.net\/wordpress\/contact\/","title":{"rendered":"Contact"},"content":{"rendered":"<p style=\"text-align: justify;\">Vous pouvez m&rsquo;\u00e9crire un mail \u00e0 partir de ce formulaire.<\/p>\n<p style=\"text-align: justify;\">Veillez \u00e0 bien remplir les champs marqu\u00e9s d&rsquo;un ast\u00e9risque rouge ainsi que le captcha.<\/p>\n<p style=\"text-align: justify;\">[sacf_contact_form]<\/p>\n","protected":false},"excerpt":{"rendered":"<p>Vous pouvez m&rsquo;\u00e9crire un mail \u00e0 partir de ce formulaire. Veillez \u00e0 bien remplir les champs marqu\u00e9s d&rsquo;un ast\u00e9risque rouge ainsi que le captcha. [sacf_contact_form]<\/p>\n","protected":false},"author":2,"featured_media":0,"parent":0,"menu_order":0,"comment_status":"open","ping_status":"closed","template":"","meta":{"footnotes":""},"class_list":["post-174","page","type-page","status-publish","hentry"],"_links":{"self":[{"href":"https:\/\/jovien.net\/wordpress\/wp-json\/wp\/v2\/pages\/174","targetHints":{"allow":["GET"]}}],"collection":[{"href":"https:\/\/jovien.net\/wordpress\/wp-json\/wp\/v2\/pages"}],"about":[{"href":"https:\/\/jovien.net\/wordpress\/wp-json\/wp\/v2\/types\/page"}],"author":[{"embeddable":true,"href":"https:\/\/jovien.net\/wordpress\/wp-json\/wp\/v2\/users\/2"}],"replies":[{"embeddable":true,"href":"https:\/\/jovien.net\/wordpress\/wp-json\/wp\/v2\/comments?post=174"}],"version-history":[{"count":6,"href":"https:\/\/jovien.net\/wordpress\/wp-json\/wp\/v2\/pages\/174\/revisions"}],"predecessor-version":[{"id":180,"href":"https:\/\/jovien.net\/wordpress\/wp-json\/wp\/v2\/pages\/174\/revisions\/180"}],"wp:attachment":[{"href":"https:\/\/jovien.net\/wordpress\/wp-json\/wp\/v2\/media?parent=174"}],"curies":[{"name":"wp","href":"https:\/\/api.w.org\/{rel}","templated":true}]}}