{"id":171,"date":"2013-04-18T17:19:03","date_gmt":"2013-04-18T15:19:03","guid":{"rendered":"http:\/\/jovien.net\/wordpress\/?page_id=171"},"modified":"2013-04-18T17:19:03","modified_gmt":"2013-04-18T15:19:03","slug":"a-propos","status":"publish","type":"page","link":"https:\/\/jovien.net\/wordpress\/a-propos\/","title":{"rendered":"\u00c0 propos"},"content":{"rendered":"<p style=\"text-align: justify;\">Bienvenue sur ce blog !<\/p>\n<p style=\"text-align: justify;\">Un blog sans pr\u00e9tention, recueillant simplement ce qui me surprend, m&rsquo;\u00e9tonne, m&rsquo;amuse m&rsquo;\u00e9merveille&#8230;<\/p>\n<p style=\"text-align: justify;\">Bonne visite !<\/p>\n","protected":false},"excerpt":{"rendered":"<p>Bienvenue sur ce blog ! Un blog sans pr\u00e9tention, recueillant simplement ce qui me surprend, m&rsquo;\u00e9tonne, m&rsquo;amuse m&rsquo;\u00e9merveille&#8230; Bonne visite !<\/p>\n","protected":false},"author":2,"featured_media":0,"parent":0,"menu_order":0,"comment_status":"open","ping_status":"closed","template":"sidebar-page.php","meta":{"footnotes":""},"class_list":["post-171","page","type-page","status-publish","hentry"],"_links":{"self":[{"href":"https:\/\/jovien.net\/wordpress\/wp-json\/wp\/v2\/pages\/171","targetHints":{"allow":["GET"]}}],"collection":[{"href":"https:\/\/jovien.net\/wordpress\/wp-json\/wp\/v2\/pages"}],"about":[{"href":"https:\/\/jovien.net\/wordpress\/wp-json\/wp\/v2\/types\/page"}],"author":[{"embeddable":true,"href":"https:\/\/jovien.net\/wordpress\/wp-json\/wp\/v2\/users\/2"}],"replies":[{"embeddable":true,"href":"https:\/\/jovien.net\/wordpress\/wp-json\/wp\/v2\/comments?post=171"}],"version-history":[{"count":1,"href":"https:\/\/jovien.net\/wordpress\/wp-json\/wp\/v2\/pages\/171\/revisions"}],"predecessor-version":[{"id":172,"href":"https:\/\/jovien.net\/wordpress\/wp-json\/wp\/v2\/pages\/171\/revisions\/172"}],"wp:attachment":[{"href":"https:\/\/jovien.net\/wordpress\/wp-json\/wp\/v2\/media?parent=171"}],"curies":[{"name":"wp","href":"https:\/\/api.w.org\/{rel}","templated":true}]}}